{"id":47,"date":"2018-05-02T11:18:30","date_gmt":"2018-05-02T15:18:30","guid":{"rendered":"https:\/\/ppgquimica.ufms.br\/?page_id=47"},"modified":"2019-04-10T17:47:58","modified_gmt":"2019-04-10T21:47:58","slug":"pdse","status":"publish","type":"page","link":"https:\/\/ppgquimica.ufms.br\/en\/pdse\/","title":{"rendered":"PDSE"},"content":{"rendered":"<pre class=\"big_title\"><a href=\"https:\/\/inqui.ufms.br\/doutorado\/pdse\/edital-no-1-divulgacao-candidatos-inscritos-pdse-2\/\" rel=\"attachment wp-att-2960\">EDITAL N\u00ba 1 \u2013 DIVULGA\u00c7\u00c3O CANDIDATOS INSCRITOS<\/a><a href=\"https:\/\/inqui.ufms.br\/doutorado\/pdse\/edital-no-1-divulgacao-candidatos-inscritos-pdse-2\/\" rel=\"attachment wp-att-2960\">&nbsp;\u2013<\/a>\r\n\r\n<a href=\"https:\/\/inqui.ufms.br\/doutorado\/pdse\/edital-no-1-divulgacao-candidatos-inscritos-pdse-2\/\" rel=\"attachment wp-att-2960\">PDSE<\/a><a href=\"http:\/\/inqui.draconis.ufms.br\/files\/2016\/08\/FORMULARIO-DE-INSCRI%C3%87%C3%83O-PDSE-2016.pdf\">FORMUL\u00c1RIO DE INSCRI\u00c7\u00c3O<\/a>\r\n\r\n<a href=\"http:\/\/inqui.draconis.ufms.br\/files\/2016\/08\/EditalPNPDE-REPU.pdf\">EDITAL 1\/2016<\/a>\r\n\r\n<a href=\"http:\/\/inqui.draconis.ufms.br\/files\/2016\/09\/RESOLU%C3%87%C3%83O-N%C2%BA-147-HOMOLOGA-INSCRI%C3%87%C3%95ES.pdf\">HOMOLOGA\u00c7\u00c3O DAS INSCRI\u00c7\u00d5ES<\/a>\r\n\r\n<a href=\"http:\/\/inqui.draconis.ufms.br\/files\/2016\/09\/RESOLU%C3%87%C3%83O-N%C2%BA-148_2016-HOMOLOGA%C3%87%C3%83O.pdf\">HOMOLOGA\u00c7\u00c3O FINAL DAS INSCRI\u00c7\u00d5ES<\/a>\r\n\r\n<a href=\"http:\/\/inqui.draconis.ufms.br\/files\/2016\/09\/RESOLU%C3%87%C3%83O_152_2016-RESULTADO-PDSE.pdf\">RESULTADO DA SELE\u00c7\u00c3O<\/a>\r\n\r\n<a href=\"http:\/\/inqui.draconis.ufms.br\/files\/2016\/09\/RESOLU%C3%87%C3%83O-156_2016.pdf\">HOMOLOGA\u00c7\u00c3O RESULTADO FINAL<\/a><\/pre>\n","protected":false},"excerpt":{"rendered":"<p>EDITAL N\u00ba 1 \u2013 DIVULGA\u00c7\u00c3O CANDIDATOS INSCRITOS&nbsp;\u2013 PDSEFORMUL\u00c1RIO DE INSCRI\u00c7\u00c3O EDITAL 1\/2016 HOMOLOGA\u00c7\u00c3O DAS INSCRI\u00c7\u00d5ES HOMOLOGA\u00c7\u00c3O FINAL DAS INSCRI\u00c7\u00d5ES RESULTADO DA SELE\u00c7\u00c3O HOMOLOGA\u00c7\u00c3O RESULTADO FINAL<\/p>\n","protected":false},"author":588,"featured_media":0,"parent":0,"menu_order":0,"comment_status":"closed","ping_status":"closed","template":"","meta":{"ngg_post_thumbnail":0,"footnotes":""},"coauthors":[],"class_list":["post-47","page","type-page","status-publish","hentry"],"_links":{"self":[{"href":"https:\/\/ppgquimica.ufms.br\/en\/wp-json\/wp\/v2\/pages\/47","targetHints":{"allow":["GET"]}}],"collection":[{"href":"https:\/\/ppgquimica.ufms.br\/en\/wp-json\/wp\/v2\/pages"}],"about":[{"href":"https:\/\/ppgquimica.ufms.br\/en\/wp-json\/wp\/v2\/types\/page"}],"author":[{"embeddable":true,"href":"https:\/\/ppgquimica.ufms.br\/en\/wp-json\/wp\/v2\/users\/588"}],"replies":[{"embeddable":true,"href":"https:\/\/ppgquimica.ufms.br\/en\/wp-json\/wp\/v2\/comments?post=47"}],"version-history":[{"count":3,"href":"https:\/\/ppgquimica.ufms.br\/en\/wp-json\/wp\/v2\/pages\/47\/revisions"}],"predecessor-version":[{"id":4007,"href":"https:\/\/ppgquimica.ufms.br\/en\/wp-json\/wp\/v2\/pages\/47\/revisions\/4007"}],"wp:attachment":[{"href":"https:\/\/ppgquimica.ufms.br\/en\/wp-json\/wp\/v2\/media?parent=47"}],"wp:term":[{"taxonomy":"author","embeddable":true,"href":"https:\/\/ppgquimica.ufms.br\/en\/wp-json\/wp\/v2\/coauthors?post=47"}],"curies":[{"name":"wp","href":"https:\/\/api.w.org\/{rel}","templated":true}]}}