{"id":149,"date":"2019-04-09T17:34:34","date_gmt":"2019-04-09T21:34:34","guid":{"rendered":"https:\/\/ppgquimica.ufms.br\/?page_id=149"},"modified":"2026-02-24T09:23:46","modified_gmt":"2026-02-24T13:23:46","slug":"normas-e-regulamento","status":"publish","type":"page","link":"https:\/\/ppgquimica.ufms.br\/es\/normas-e-regulamento\/","title":{"rendered":"(Portugu\u00eas do Brasil) Documentos Gerais (Normas e regulamentos)"},"content":{"rendered":"<a href=\"https:\/\/ppgquimica.ufms.br\/files\/2019\/04\/35_2011-Estatuto-com-altera\u00e7\u00f5es.pdf\" target=\"_blank\" rel=\"noopener noreferrer\">Estatuto com altera\u00e7\u00f5es<\/a><\/p>\n<p><a href=\"https:\/\/ppgquimica.ufms.br\/files\/2019\/04\/78_2011-Regimento-Geral-com-altera\u00e7\u00f5es.pdf\" target=\"_blank\" rel=\"noopener noreferrer\">Regimento Geral com altera\u00e7\u00f5es<\/a><\/p>\n<p><a href=\"https:\/\/ppgquimica.ufms.br\/files\/2019\/04\/Manual-de-Corespond\u00eancias-e-Atos-Oficiais-vers\u00e3o-atual-2016-.pdf\" target=\"_blank\" rel=\"noopener noreferrer\">Manual de Correspond\u00eancias e Atos Oficiais<\/a><\/p>\n<p><a href=\"https:\/\/ppgquimica.ufms.br\/files\/2019\/04\/NORMAS-PARA-CURSOS-DE-P\u00d3S-GRADUA\u00c7\u00c3O.pdf\" target=\"_blank\" rel=\"noopener noreferrer\">NORMAS PARA CURSOS P\u00d3S-GRADUA\u00c7\u00c3O<\/a><\/p>\n<p><a href=\"https:\/\/ppgquimica.ufms.br\/files\/2019\/04\/Regulamento-Pos-Gradua\u00e7\u00e3o-em-Qu\u00edmica-2018_RESOLUCAO-COPP-n-177-de-16-07-2018-bse.pdf\" target=\"_blank\" rel=\"noopener noreferrer\">Regulamento Pos Gradua\u00e7\u00e3o-2018<\/a>","protected":false},"excerpt":{"rendered":"<p>Estatuto com altera\u00e7\u00f5es Regimento Geral com altera\u00e7\u00f5es Manual de Correspond\u00eancias e Atos Oficiais NORMAS PARA CURSOS P\u00d3S-GRADUA\u00c7\u00c3O Regulamento Pos Gradua\u00e7\u00e3o-2018<\/p>\n","protected":false},"author":27700,"featured_media":0,"parent":0,"menu_order":0,"comment_status":"closed","ping_status":"closed","template":"","meta":{"ngg_post_thumbnail":0,"footnotes":""},"coauthors":[12],"class_list":["post-149","page","type-page","status-publish","hentry"],"_links":{"self":[{"href":"https:\/\/ppgquimica.ufms.br\/es\/wp-json\/wp\/v2\/pages\/149","targetHints":{"allow":["GET"]}}],"collection":[{"href":"https:\/\/ppgquimica.ufms.br\/es\/wp-json\/wp\/v2\/pages"}],"about":[{"href":"https:\/\/ppgquimica.ufms.br\/es\/wp-json\/wp\/v2\/types\/page"}],"author":[{"embeddable":true,"href":"https:\/\/ppgquimica.ufms.br\/es\/wp-json\/wp\/v2\/users\/27700"}],"replies":[{"embeddable":true,"href":"https:\/\/ppgquimica.ufms.br\/es\/wp-json\/wp\/v2\/comments?post=149"}],"version-history":[{"count":22,"href":"https:\/\/ppgquimica.ufms.br\/es\/wp-json\/wp\/v2\/pages\/149\/revisions"}],"predecessor-version":[{"id":5861,"href":"https:\/\/ppgquimica.ufms.br\/es\/wp-json\/wp\/v2\/pages\/149\/revisions\/5861"}],"wp:attachment":[{"href":"https:\/\/ppgquimica.ufms.br\/es\/wp-json\/wp\/v2\/media?parent=149"}],"wp:term":[{"taxonomy":"author","embeddable":true,"href":"https:\/\/ppgquimica.ufms.br\/es\/wp-json\/wp\/v2\/coauthors?post=149"}],"curies":[{"name":"wp","href":"https:\/\/api.w.org\/{rel}","templated":true}]}}