{"id":162,"date":"2019-04-09T17:45:04","date_gmt":"2019-04-09T21:45:04","guid":{"rendered":"https:\/\/ppgquimica.ufms.br\/?page_id=162"},"modified":"2019-04-10T16:41:42","modified_gmt":"2019-04-10T20:41:42","slug":"lines-of-research-2","status":"publish","type":"page","link":"https:\/\/ppgquimica.ufms.br\/es\/lines-of-research-2\/","title":{"rendered":"(Portugu\u00eas do Brasil) Linhas de Pesquisa"},"content":{"rendered":"<p class=\"qtranxs-available-languages-message qtranxs-available-languages-message-es\">Disculpa, pero esta entrada est\u00e1 disponible s\u00f3lo en <a href=\"https:\/\/ppgquimica.ufms.br\/pb\/wp-json\/wp\/v2\/pages\/162\" class=\"qtranxs-available-language-link qtranxs-available-language-link-pb\" title=\"Portugu\u00eas do Brasil\">Portugu\u00eas do Brasil<\/a> y <a href=\"https:\/\/ppgquimica.ufms.br\/en\/wp-json\/wp\/v2\/pages\/162\" class=\"qtranxs-available-language-link qtranxs-available-language-link-en\" title=\"English\">English<\/a>.<\/p>","protected":false},"excerpt":{"rendered":"<p>Disculpa, pero esta entrada est\u00e1 disponible s\u00f3lo en Portugu\u00eas do Brasil y English.<\/p>\n","protected":false},"author":27700,"featured_media":0,"parent":0,"menu_order":0,"comment_status":"closed","ping_status":"closed","template":"","meta":{"ngg_post_thumbnail":0,"footnotes":""},"coauthors":[],"class_list":["post-162","page","type-page","status-publish","hentry"],"_links":{"self":[{"href":"https:\/\/ppgquimica.ufms.br\/es\/wp-json\/wp\/v2\/pages\/162","targetHints":{"allow":["GET"]}}],"collection":[{"href":"https:\/\/ppgquimica.ufms.br\/es\/wp-json\/wp\/v2\/pages"}],"about":[{"href":"https:\/\/ppgquimica.ufms.br\/es\/wp-json\/wp\/v2\/types\/page"}],"author":[{"embeddable":true,"href":"https:\/\/ppgquimica.ufms.br\/es\/wp-json\/wp\/v2\/users\/27700"}],"replies":[{"embeddable":true,"href":"https:\/\/ppgquimica.ufms.br\/es\/wp-json\/wp\/v2\/comments?post=162"}],"version-history":[{"count":2,"href":"https:\/\/ppgquimica.ufms.br\/es\/wp-json\/wp\/v2\/pages\/162\/revisions"}],"predecessor-version":[{"id":3986,"href":"https:\/\/ppgquimica.ufms.br\/es\/wp-json\/wp\/v2\/pages\/162\/revisions\/3986"}],"wp:attachment":[{"href":"https:\/\/ppgquimica.ufms.br\/es\/wp-json\/wp\/v2\/media?parent=162"}],"wp:term":[{"taxonomy":"author","embeddable":true,"href":"https:\/\/ppgquimica.ufms.br\/es\/wp-json\/wp\/v2\/coauthors?post=162"}],"curies":[{"name":"wp","href":"https:\/\/api.w.org\/{rel}","templated":true}]}}