{"id":4067,"date":"2019-04-26T14:50:12","date_gmt":"2019-04-26T18:50:12","guid":{"rendered":"https:\/\/ppgquimica.ufms.br\/?page_id=4067"},"modified":"2019-04-26T14:52:31","modified_gmt":"2019-04-26T18:52:31","slug":"denis-pires-de-lima","status":"publish","type":"page","link":"https:\/\/ppgquimica.ufms.br\/es\/denis-pires-de-lima\/","title":{"rendered":"(Portugu\u00eas do Brasil) D\u00eanis Pires de Lima"},"content":{"rendered":"<p class=\"qtranxs-available-languages-message qtranxs-available-languages-message-es\">Disculpa, pero esta entrada est\u00e1 disponible s\u00f3lo en <a href=\"https:\/\/ppgquimica.ufms.br\/pb\/wp-json\/wp\/v2\/pages\/4067\" class=\"qtranxs-available-language-link qtranxs-available-language-link-pb\" title=\"Portugu\u00eas do Brasil\">Portugu\u00eas do Brasil<\/a>.<\/p>","protected":false},"excerpt":{"rendered":"<p>Disculpa, pero esta entrada est\u00e1 disponible s\u00f3lo en Portugu\u00eas do Brasil.<\/p>\n","protected":false},"author":27700,"featured_media":0,"parent":0,"menu_order":0,"comment_status":"closed","ping_status":"closed","template":"","meta":{"ngg_post_thumbnail":0,"footnotes":""},"coauthors":[],"class_list":["post-4067","page","type-page","status-publish","hentry"],"_links":{"self":[{"href":"https:\/\/ppgquimica.ufms.br\/es\/wp-json\/wp\/v2\/pages\/4067","targetHints":{"allow":["GET"]}}],"collection":[{"href":"https:\/\/ppgquimica.ufms.br\/es\/wp-json\/wp\/v2\/pages"}],"about":[{"href":"https:\/\/ppgquimica.ufms.br\/es\/wp-json\/wp\/v2\/types\/page"}],"author":[{"embeddable":true,"href":"https:\/\/ppgquimica.ufms.br\/es\/wp-json\/wp\/v2\/users\/27700"}],"replies":[{"embeddable":true,"href":"https:\/\/ppgquimica.ufms.br\/es\/wp-json\/wp\/v2\/comments?post=4067"}],"version-history":[{"count":1,"href":"https:\/\/ppgquimica.ufms.br\/es\/wp-json\/wp\/v2\/pages\/4067\/revisions"}],"predecessor-version":[{"id":4068,"href":"https:\/\/ppgquimica.ufms.br\/es\/wp-json\/wp\/v2\/pages\/4067\/revisions\/4068"}],"wp:attachment":[{"href":"https:\/\/ppgquimica.ufms.br\/es\/wp-json\/wp\/v2\/media?parent=4067"}],"wp:term":[{"taxonomy":"author","embeddable":true,"href":"https:\/\/ppgquimica.ufms.br\/es\/wp-json\/wp\/v2\/coauthors?post=4067"}],"curies":[{"name":"wp","href":"https:\/\/api.w.org\/{rel}","templated":true}]}}