{"id":4204,"date":"2019-06-24T09:08:43","date_gmt":"2019-06-24T13:08:43","guid":{"rendered":"https:\/\/ppgquimica.ufms.br\/?page_id=4204"},"modified":"2023-05-03T14:28:19","modified_gmt":"2023-05-03T18:28:19","slug":"mestrado","status":"publish","type":"page","link":"https:\/\/ppgquimica.ufms.br\/es\/mestrado\/","title":{"rendered":"(Portugu\u00eas do Brasil) Mestrado"},"content":{"rendered":"<p class=\"qtranxs-available-languages-message qtranxs-available-languages-message-es\">Disculpa, pero esta entrada est\u00e1 disponible s\u00f3lo en <a href=\"https:\/\/ppgquimica.ufms.br\/pb\/wp-json\/wp\/v2\/pages\/4204\" class=\"qtranxs-available-language-link qtranxs-available-language-link-pb\" title=\"Portugu\u00eas do Brasil\">Portugu\u00eas do Brasil<\/a>.<\/p>","protected":false},"excerpt":{"rendered":"<p>Disculpa, pero esta entrada est\u00e1 disponible s\u00f3lo en Portugu\u00eas do Brasil.<\/p>\n","protected":false},"author":27700,"featured_media":0,"parent":0,"menu_order":0,"comment_status":"closed","ping_status":"closed","template":"","meta":{"ngg_post_thumbnail":0,"footnotes":""},"coauthors":[],"class_list":["post-4204","page","type-page","status-publish","hentry"],"_links":{"self":[{"href":"https:\/\/ppgquimica.ufms.br\/es\/wp-json\/wp\/v2\/pages\/4204","targetHints":{"allow":["GET"]}}],"collection":[{"href":"https:\/\/ppgquimica.ufms.br\/es\/wp-json\/wp\/v2\/pages"}],"about":[{"href":"https:\/\/ppgquimica.ufms.br\/es\/wp-json\/wp\/v2\/types\/page"}],"author":[{"embeddable":true,"href":"https:\/\/ppgquimica.ufms.br\/es\/wp-json\/wp\/v2\/users\/27700"}],"replies":[{"embeddable":true,"href":"https:\/\/ppgquimica.ufms.br\/es\/wp-json\/wp\/v2\/comments?post=4204"}],"version-history":[{"count":6,"href":"https:\/\/ppgquimica.ufms.br\/es\/wp-json\/wp\/v2\/pages\/4204\/revisions"}],"predecessor-version":[{"id":5296,"href":"https:\/\/ppgquimica.ufms.br\/es\/wp-json\/wp\/v2\/pages\/4204\/revisions\/5296"}],"wp:attachment":[{"href":"https:\/\/ppgquimica.ufms.br\/es\/wp-json\/wp\/v2\/media?parent=4204"}],"wp:term":[{"taxonomy":"author","embeddable":true,"href":"https:\/\/ppgquimica.ufms.br\/es\/wp-json\/wp\/v2\/coauthors?post=4204"}],"curies":[{"name":"wp","href":"https:\/\/api.w.org\/{rel}","templated":true}]}}