{"id":4915,"date":"2021-08-18T09:12:05","date_gmt":"2021-08-18T13:12:05","guid":{"rendered":"https:\/\/ppgquimica.ufms.br\/?page_id=4915"},"modified":"2023-04-13T15:12:28","modified_gmt":"2023-04-13T19:12:28","slug":"requerimentos-de-defesa-e-qualificacao","status":"publish","type":"page","link":"https:\/\/ppgquimica.ufms.br\/es\/requerimentos-de-defesa-e-qualificacao\/","title":{"rendered":"(Portugu\u00eas do Brasil) Requerimentos de Defesa e Qualifica\u00e7\u00e3o"},"content":{"rendered":"<p class=\"qtranxs-available-languages-message qtranxs-available-languages-message-es\">Disculpa, pero esta entrada est\u00e1 disponible s\u00f3lo en <a href=\"https:\/\/ppgquimica.ufms.br\/pb\/wp-json\/wp\/v2\/pages\/4915\" class=\"qtranxs-available-language-link qtranxs-available-language-link-pb\" title=\"Portugu\u00eas do Brasil\">Portugu\u00eas do Brasil<\/a>.<\/p>","protected":false},"excerpt":{"rendered":"<p>Disculpa, pero esta entrada est\u00e1 disponible s\u00f3lo en Portugu\u00eas do Brasil.<\/p>\n","protected":false},"author":27700,"featured_media":0,"parent":0,"menu_order":0,"comment_status":"closed","ping_status":"closed","template":"","meta":{"ngg_post_thumbnail":0,"footnotes":""},"coauthors":[],"class_list":["post-4915","page","type-page","status-publish","hentry"],"_links":{"self":[{"href":"https:\/\/ppgquimica.ufms.br\/es\/wp-json\/wp\/v2\/pages\/4915","targetHints":{"allow":["GET"]}}],"collection":[{"href":"https:\/\/ppgquimica.ufms.br\/es\/wp-json\/wp\/v2\/pages"}],"about":[{"href":"https:\/\/ppgquimica.ufms.br\/es\/wp-json\/wp\/v2\/types\/page"}],"author":[{"embeddable":true,"href":"https:\/\/ppgquimica.ufms.br\/es\/wp-json\/wp\/v2\/users\/27700"}],"replies":[{"embeddable":true,"href":"https:\/\/ppgquimica.ufms.br\/es\/wp-json\/wp\/v2\/comments?post=4915"}],"version-history":[{"count":3,"href":"https:\/\/ppgquimica.ufms.br\/es\/wp-json\/wp\/v2\/pages\/4915\/revisions"}],"predecessor-version":[{"id":5393,"href":"https:\/\/ppgquimica.ufms.br\/es\/wp-json\/wp\/v2\/pages\/4915\/revisions\/5393"}],"wp:attachment":[{"href":"https:\/\/ppgquimica.ufms.br\/es\/wp-json\/wp\/v2\/media?parent=4915"}],"wp:term":[{"taxonomy":"author","embeddable":true,"href":"https:\/\/ppgquimica.ufms.br\/es\/wp-json\/wp\/v2\/coauthors?post=4915"}],"curies":[{"name":"wp","href":"https:\/\/api.w.org\/{rel}","templated":true}]}}