{"id":5189,"date":"2023-04-13T13:30:58","date_gmt":"2023-04-13T17:30:58","guid":{"rendered":"https:\/\/ppgquimica.ufms.br\/?page_id=5189"},"modified":"2023-04-13T15:51:14","modified_gmt":"2023-04-13T19:51:14","slug":"apoio-financeiro","status":"publish","type":"page","link":"https:\/\/ppgquimica.ufms.br\/es\/apoio-financeiro\/","title":{"rendered":"(Portugu\u00eas do Brasil) Apoio Financeiro"},"content":{"rendered":"<p class=\"qtranxs-available-languages-message qtranxs-available-languages-message-es\">Disculpa, pero esta entrada est\u00e1 disponible s\u00f3lo en <a href=\"https:\/\/ppgquimica.ufms.br\/pb\/wp-json\/wp\/v2\/pages\/5189\" class=\"qtranxs-available-language-link qtranxs-available-language-link-pb\" title=\"Portugu\u00eas do Brasil\">Portugu\u00eas do Brasil<\/a>.<\/p>","protected":false},"excerpt":{"rendered":"<p>Disculpa, pero esta entrada est\u00e1 disponible s\u00f3lo en Portugu\u00eas do Brasil.<\/p>\n","protected":false},"author":356,"featured_media":0,"parent":0,"menu_order":0,"comment_status":"closed","ping_status":"closed","template":"","meta":{"ngg_post_thumbnail":0,"footnotes":""},"coauthors":[],"class_list":["post-5189","page","type-page","status-publish","hentry"],"_links":{"self":[{"href":"https:\/\/ppgquimica.ufms.br\/es\/wp-json\/wp\/v2\/pages\/5189","targetHints":{"allow":["GET"]}}],"collection":[{"href":"https:\/\/ppgquimica.ufms.br\/es\/wp-json\/wp\/v2\/pages"}],"about":[{"href":"https:\/\/ppgquimica.ufms.br\/es\/wp-json\/wp\/v2\/types\/page"}],"author":[{"embeddable":true,"href":"https:\/\/ppgquimica.ufms.br\/es\/wp-json\/wp\/v2\/users\/356"}],"replies":[{"embeddable":true,"href":"https:\/\/ppgquimica.ufms.br\/es\/wp-json\/wp\/v2\/comments?post=5189"}],"version-history":[{"count":5,"href":"https:\/\/ppgquimica.ufms.br\/es\/wp-json\/wp\/v2\/pages\/5189\/revisions"}],"predecessor-version":[{"id":5255,"href":"https:\/\/ppgquimica.ufms.br\/es\/wp-json\/wp\/v2\/pages\/5189\/revisions\/5255"}],"wp:attachment":[{"href":"https:\/\/ppgquimica.ufms.br\/es\/wp-json\/wp\/v2\/media?parent=5189"}],"wp:term":[{"taxonomy":"author","embeddable":true,"href":"https:\/\/ppgquimica.ufms.br\/es\/wp-json\/wp\/v2\/coauthors?post=5189"}],"curies":[{"name":"wp","href":"https:\/\/api.w.org\/{rel}","templated":true}]}}